{"id":21047,"date":"2021-11-12T05:13:31","date_gmt":"2021-11-12T02:13:31","guid":{"rendered":"https:\/\/www.dursunmadencilik.com\/contact\/"},"modified":"2025-11-06T14:49:15","modified_gmt":"2025-11-06T11:49:15","slug":"contact","status":"publish","type":"page","link":"https:\/\/www.dursunmadencilik.com\/en\/contact\/","title":{"rendered":"Contact"},"content":{"rendered":"\t\t<div data-elementor-type=\"wp-page\" data-elementor-id=\"21047\" class=\"elementor elementor-21047 elementor-527\" data-elementor-post-type=\"page\">\n\t\t\t\t        <section class=\"elementor-section elementor-top-section elementor-element elementor-element-89c9812 elementor-section-stretched elementor-section-boxed elementor-section-height-default elementor-section-height-default ct-header-fixed-none ct-column-none ct-row-scroll-none ct-row-gradient--none ct-row-container--default\" data-id=\"89c9812\" data-element_type=\"section\" data-settings=\"{&quot;stretch_section&quot;:&quot;section-stretched&quot;}\">\n            \n                        <div class=\"elementor-container elementor-column-gap-extended \">\n                    <div class=\"elementor-column elementor-col-100 elementor-top-column elementor-element elementor-element-2ba1be0 ct-column-none col-offset-none\" data-id=\"2ba1be0\" data-element_type=\"column\">\n        <div class=\"elementor-widget-wrap elementor-element-populated\">\n                    \n        \t\t<div class=\"elementor-element elementor-element-6caf3df elementor-widget elementor-widget-ct_heading\" data-id=\"6caf3df\" data-element_type=\"widget\" data-widget_type=\"ct_heading.default\">\n\t\t\t\t<div class=\"elementor-widget-container\">\n\t\t\t\t\t<div id=\"ct_heading-6caf3df\" class=\"ct-heading h-align-center item-st-default\">\r\n    <div class=\"heading-wrapper\">\r\n        <div class=\"inner-heading\">\r\n                          \t                <h2 class=\"item--title case-animate-time st-default \" data-wow-delay=\"ms\">\r\n                    <span>Contact Us<\/span>                <\/h2>\r\n        <\/div>\r\n    <\/div>\r\n<\/div>\r\n\t\t\t\t<\/div>\n\t\t\t\t<\/div>\n\t\t        <section class=\"elementor-section elementor-inner-section elementor-element elementor-element-6aab44c elementor-section-boxed elementor-section-height-default elementor-section-height-default ct-header-fixed-none ct-column-none ct-row-scroll-none ct-row-gradient--none ct-row-container--default\" data-id=\"6aab44c\" data-element_type=\"section\">\n            \n                        <div class=\"elementor-container elementor-column-gap-extended \">\n                    <div class=\"elementor-column elementor-col-33 elementor-inner-column elementor-element elementor-element-091a81d ct-column-none col-offset-none\" data-id=\"091a81d\" data-element_type=\"column\">\n        <div class=\"elementor-widget-wrap elementor-element-populated\">\n                    \n        \t\t<div class=\"elementor-element elementor-element-601f57b elementor-widget elementor-widget-ct_info_box\" data-id=\"601f57b\" data-element_type=\"widget\" data-widget_type=\"ct_info_box.default\">\n\t\t\t\t<div class=\"elementor-widget-container\">\n\t\t\t\t\t\r\n<div id=\"ct_info_box-601f57b\" class=\"ct-info-box layout1 wow fadeInUp\" data-wow-delay=\"ms\">\r\n    <div class=\"inner-box\">\r\n        <div class=\"meta-box\">\r\n                            <div class=\"item--icon icon-shakeThatBooty\">\r\n                    <i aria-hidden=\"true\" class=\"flaticon flaticon-phone-call\"><\/i>                <\/div>\r\n                                    <div class=\"item--meta\">\r\n                <h3 class=\"item--title\">\r\n                    Phone Number                <\/h3>\r\n                <div class=\"sub-title\">\r\n                    Call us or send a message on WhatsApp.                <\/div>\r\n            <\/div>\r\n        <\/div>\r\n                    <ul class=\"list-row\">\r\n                                        <li class=\"item--contact-info\">\r\n                            <a href=\"tel:903522030406\">                                <span class=\"ct-contact-content\">\r\n                                   (0352) 203 04 06                                <\/span>\r\n                            <\/a>                       <\/li>\r\n                                        <li class=\"item--contact-info\">\r\n                            <a href=\"tel:905333824974\">                                <span class=\"ct-contact-content\">\r\n                                   0533 382 49 74                                <\/span>\r\n                            <\/a>                       <\/li>\r\n                            <\/ul>\r\n            <\/div>\r\n<\/div>\t\t\t\t<\/div>\n\t\t\t\t<\/div>\n\t\t            <\/div>\n        <\/div>\n                <div class=\"elementor-column elementor-col-33 elementor-inner-column elementor-element elementor-element-942afde ct-column-none col-offset-none\" data-id=\"942afde\" data-element_type=\"column\">\n        <div class=\"elementor-widget-wrap elementor-element-populated\">\n                    \n        \t\t<div class=\"elementor-element elementor-element-7e1d60e elementor-widget elementor-widget-ct_info_box\" data-id=\"7e1d60e\" data-element_type=\"widget\" data-widget_type=\"ct_info_box.default\">\n\t\t\t\t<div class=\"elementor-widget-container\">\n\t\t\t\t\t\r\n<div id=\"ct_info_box-7e1d60e\" class=\"ct-info-box layout1 wow fadeInUp\" data-wow-delay=\"ms\">\r\n    <div class=\"inner-box\">\r\n        <div class=\"meta-box\">\r\n                            <div class=\"item--icon icon-right-from-Left\">\r\n                    <i aria-hidden=\"true\" class=\"flaticon flaticon-message\"><\/i>                <\/div>\r\n                                    <div class=\"item--meta\">\r\n                <h3 class=\"item--title\">\r\n                    E-mail Address                <\/h3>\r\n                <div class=\"sub-title\">\r\n                    Send an e-mail for corporate offers.                <\/div>\r\n            <\/div>\r\n        <\/div>\r\n                    <ul class=\"list-row\">\r\n                                        <li class=\"item--contact-info\">\r\n                            <a href=\"mailto:info@dursunmadencilik.com\">                                <span class=\"ct-contact-content\">\r\n                                   info@dursunmadencilik.com                                <\/span>\r\n                            <\/a>                       <\/li>\r\n                            <\/ul>\r\n            <\/div>\r\n<\/div>\t\t\t\t<\/div>\n\t\t\t\t<\/div>\n\t\t            <\/div>\n        <\/div>\n                <div class=\"elementor-column elementor-col-33 elementor-inner-column elementor-element elementor-element-7064431 ct-column-none col-offset-none\" data-id=\"7064431\" data-element_type=\"column\">\n        <div class=\"elementor-widget-wrap elementor-element-populated\">\n                    \n        \t\t<div class=\"elementor-element elementor-element-20b6cfc elementor-widget elementor-widget-ct_info_box\" data-id=\"20b6cfc\" data-element_type=\"widget\" data-widget_type=\"ct_info_box.default\">\n\t\t\t\t<div class=\"elementor-widget-container\">\n\t\t\t\t\t\r\n<div id=\"ct_info_box-20b6cfc\" class=\"ct-info-box layout1 wow fadeInUp\" data-wow-delay=\"ms\">\r\n    <div class=\"inner-box\">\r\n        <div class=\"meta-box\">\r\n                            <div class=\"item--icon icon-Scale-Delay\">\r\n                    <i aria-hidden=\"true\" class=\"flaticon flaticon-dog-house\"><\/i>                <\/div>\r\n                                    <div class=\"item--meta\">\r\n                <h3 class=\"item--title\">\r\n                    Our Head Office                <\/h3>\r\n                <div class=\"sub-title\">\r\n                    Visit us.                <\/div>\r\n            <\/div>\r\n        <\/div>\r\n                    <ul class=\"list-row\">\r\n                                        <li class=\"item--contact-info\">\r\n                            <a href=\"#map\">                                <span class=\"ct-contact-content\">\r\n                                   Ke\u015flik, K\u00fcmeevler No:139, 38800\n                                <\/span>\r\n                            <\/a>                       <\/li>\r\n                                        <li class=\"item--contact-info\">\r\n                            <a href=\"#map\">                                <span class=\"ct-contact-content\">\r\n                                   Ye\u015filhisar\/Kayseri                                <\/span>\r\n                            <\/a>                       <\/li>\r\n                            <\/ul>\r\n            <\/div>\r\n<\/div>\t\t\t\t<\/div>\n\t\t\t\t<\/div>\n\t\t            <\/div>\n        <\/div>\n                    <\/div>\n        <\/section>\n                    <\/div>\n        <\/div>\n                    <\/div>\n        <\/section>\n                <section class=\"elementor-section elementor-top-section elementor-element elementor-element-63a6b79 elementor-section-stretched elementor-section-boxed elementor-section-height-default elementor-section-height-default ct-header-fixed-none ct-column-none ct-row-scroll-none ct-row-gradient--none ct-row-container--default\" data-id=\"63a6b79\" data-element_type=\"section\" id=\"map\" data-settings=\"{&quot;stretch_section&quot;:&quot;section-stretched&quot;,&quot;background_background&quot;:&quot;classic&quot;}\">\n            \n                        <div class=\"elementor-container elementor-column-gap-extended \">\n                    <div class=\"elementor-column elementor-col-100 elementor-top-column elementor-element elementor-element-9137595 ct-column-none col-offset-none\" data-id=\"9137595\" data-element_type=\"column\">\n        <div class=\"elementor-widget-wrap elementor-element-populated\">\n                    \n        \t\t<div class=\"elementor-element elementor-element-cf02c07 elementor-widget elementor-widget-google_maps\" data-id=\"cf02c07\" data-element_type=\"widget\" data-widget_type=\"google_maps.default\">\n\t\t\t\t\t\t\t<div class=\"elementor-custom-embed\">\n\t\t\t<iframe loading=\"lazy\"\n\t\t\t\t\tsrc=\"https:\/\/maps.google.com\/maps?q=Dursun%20Madencilik&#038;t=m&#038;z=12&#038;output=embed&#038;iwloc=near\"\n\t\t\t\t\ttitle=\"Dursun Madencilik\"\n\t\t\t\t\taria-label=\"Dursun Madencilik\"\n\t\t\t><\/iframe>\n\t\t<\/div>\n\t\t\t\t\t\t<\/div>\n\t\t            <\/div>\n        <\/div>\n                    <\/div>\n        <\/section>\n        \t\t<\/div>\n\t\t","protected":false},"excerpt":{"rendered":"<p>Contact Us Phone Number Call us or send a message on WhatsApp. (0352) 203 04 06 0533 382 49 74 E-mail Address Send an e-mail for corporate offers. info@dursunmadencilik.com Our Head Office Visit us. Ke\u015flik, K\u00fcmeevler No:139, 38800 Ye\u015filhisar\/Kayseri<\/p>\n","protected":false},"author":1,"featured_media":0,"parent":0,"menu_order":0,"comment_status":"closed","ping_status":"closed","template":"","meta":{"footnotes":""},"class_list":["post-21047","page","type-page","status-publish","hentry"],"aioseo_notices":[],"_links":{"self":[{"href":"https:\/\/www.dursunmadencilik.com\/en\/wp-json\/wp\/v2\/pages\/21047","targetHints":{"allow":["GET"]}}],"collection":[{"href":"https:\/\/www.dursunmadencilik.com\/en\/wp-json\/wp\/v2\/pages"}],"about":[{"href":"https:\/\/www.dursunmadencilik.com\/en\/wp-json\/wp\/v2\/types\/page"}],"author":[{"embeddable":true,"href":"https:\/\/www.dursunmadencilik.com\/en\/wp-json\/wp\/v2\/users\/1"}],"replies":[{"embeddable":true,"href":"https:\/\/www.dursunmadencilik.com\/en\/wp-json\/wp\/v2\/comments?post=21047"}],"version-history":[{"count":4,"href":"https:\/\/www.dursunmadencilik.com\/en\/wp-json\/wp\/v2\/pages\/21047\/revisions"}],"predecessor-version":[{"id":21053,"href":"https:\/\/www.dursunmadencilik.com\/en\/wp-json\/wp\/v2\/pages\/21047\/revisions\/21053"}],"wp:attachment":[{"href":"https:\/\/www.dursunmadencilik.com\/en\/wp-json\/wp\/v2\/media?parent=21047"}],"curies":[{"name":"wp","href":"https:\/\/api.w.org\/{rel}","templated":true}]}}