{"id":21054,"date":"2021-11-09T15:14:05","date_gmt":"2021-11-09T12:14:05","guid":{"rendered":"https:\/\/www.dursunmadencilik.com\/corporate\/"},"modified":"2025-11-06T16:06:09","modified_gmt":"2025-11-06T13:06:09","slug":"corporate","status":"publish","type":"page","link":"https:\/\/www.dursunmadencilik.com\/en\/corporate\/","title":{"rendered":"Corporate"},"content":{"rendered":"\t\t<div data-elementor-type=\"wp-page\" data-elementor-id=\"21054\" class=\"elementor elementor-21054 elementor-214\" data-elementor-post-type=\"page\">\n\t\t\t\t        <section class=\"elementor-section elementor-top-section elementor-element elementor-element-95effd2 elementor-section-stretched elementor-section-boxed elementor-section-height-default elementor-section-height-default ct-header-fixed-none ct-column-none ct-row-scroll-none ct-row-gradient--none ct-row-container--default\" data-id=\"95effd2\" data-element_type=\"section\" data-settings=\"{&quot;stretch_section&quot;:&quot;section-stretched&quot;,&quot;background_background&quot;:&quot;classic&quot;}\">\n            \n                        <div class=\"elementor-container elementor-column-gap-default \">\n                    <div class=\"elementor-column elementor-col-50 elementor-top-column elementor-element elementor-element-6895c2a ct-column-none col-offset-none\" data-id=\"6895c2a\" data-element_type=\"column\">\n        <div class=\"elementor-widget-wrap elementor-element-populated\">\n                    \n        \t\t<div class=\"elementor-element elementor-element-adf8418 elementor-widget elementor-widget-ct_banner\" data-id=\"adf8418\" data-element_type=\"widget\" data-widget_type=\"ct_banner.default\">\n\t\t\t\t<div class=\"elementor-widget-container\">\n\t\t\t\t\t\t<div class=\"ct-banner layout1 \" data-wow-delay=\"ms\">\r\n\t\t<div class=\"ct-banner-inner\">\r\n\t\t\t<div class=\"ct-banner-image\">\r\n\t\t\t\t<img fetchpriority=\"high\" decoding=\"async\" class=\"\" src=\"https:\/\/www.dursunmadencilik.com\/wp-content\/uploads\/2025\/08\/hakkimizda-500x432.png\" width=\"500\" height=\"432\" alt=\"hakkimizda\" title=\"hakkimizda\" \/>\t\t\t<\/div>\r\n                            <div class=\"ct-image-small\">\r\n                    <div class=\"inner-image-small\">\r\n                        <img decoding=\"async\" class=\"\" src=\"https:\/\/www.dursunmadencilik.com\/wp-content\/uploads\/2025\/08\/hakkimizda-1-270x220.png\" width=\"270\" height=\"220\" alt=\"hakkimizda-1\" title=\"hakkimizda-1\" \/>        \r\n                    <\/div>\r\n                <\/div>\r\n                                        <div class=\"ct-image-small2\">\r\n                    <div class=\"inner-image-small\">\r\n                        <img decoding=\"async\" class=\"\" src=\"https:\/\/www.dursunmadencilik.com\/wp-content\/uploads\/2025\/08\/bazalt-plaka-4-320x220.png\" width=\"320\" height=\"220\" alt=\"bazalt-plaka-4\" title=\"bazalt-plaka-4\" \/>        \r\n                    <\/div>\r\n                <\/div>\r\n            \t\t<\/div>\r\n\t<\/div>\r\n\t\t\t\t<\/div>\n\t\t\t\t<\/div>\n\t\t            <\/div>\n        <\/div>\n                <div class=\"elementor-column elementor-col-50 elementor-top-column elementor-element elementor-element-3525a9b ct-column-none col-offset-none\" data-id=\"3525a9b\" data-element_type=\"column\">\n        <div class=\"elementor-widget-wrap elementor-element-populated\">\n                    \n        \t\t<div class=\"elementor-element elementor-element-f49df60 heading-custom elementor-widget elementor-widget-ct_heading\" data-id=\"f49df60\" data-element_type=\"widget\" data-widget_type=\"ct_heading.default\">\n\t\t\t\t<div class=\"elementor-widget-container\">\n\t\t\t\t\t<div id=\"ct_heading-f49df60\" class=\"ct-heading h-align-left item-st-default\">\r\n    <div class=\"heading-wrapper\">\r\n        <div class=\"inner-heading\">\r\n                          \t            \t\t<div class=\"item--sub-title no-image-bg\">\r\n                                                <span>\r\n                            <cite>Welcome to Dursun Madencilik!<\/cite>                        <\/span>\r\n                    <\/div>\r\n            \t                <h2 class=\"item--title case-animate-time st-default \" data-wow-delay=\"ms\">\r\n                    <span class=\"slide-in-container\"><span class=\"d-inline-block wow case-fade-in-up\">We<\/span><\/span> <span class=\"slide-in-container\"><span class=\"d-inline-block wow case-fade-in-up\">Bring<\/span><\/span> <span class=\"slide-in-container\"><span class=\"d-inline-block wow case-fade-in-up\">the<\/span><\/span> <span class=\"slide-in-container\"><span class=\"d-inline-block wow case-fade-in-up\">Power<\/span><\/span> <span class=\"slide-in-container\"><span class=\"d-inline-block wow case-fade-in-up\">of<\/span><\/span> <span class=\"slide-in-container\"><span class=\"d-inline-block wow case-fade-in-up\">Nature<\/span><\/span> <span class=\"slide-in-container\"><span class=\"d-inline-block wow case-fade-in-up\">to<\/span><\/span> <span class=\"slide-in-container\"><span class=\"d-inline-block wow case-fade-in-up\">Your<\/span><\/span> <span class=\"slide-in-container\"><span class=\"d-inline-block wow case-fade-in-up\">Projects.<\/span><\/span>                <\/h2>\r\n        <\/div>\r\n    <\/div>\r\n<\/div>\r\n\t\t\t\t<\/div>\n\t\t\t\t<\/div>\n\t\t\t\t<div class=\"elementor-element elementor-element-0e022de elementor-widget elementor-widget-ct_text_editor\" data-id=\"0e022de\" data-element_type=\"widget\" data-widget_type=\"ct_text_editor.default\">\n\t\t\t\t<div class=\"elementor-widget-container\">\n\t\t\t\t\t<div id=\"ct_text_editor-0e022de\" class=\"ct-text-editor \" data-wow-delay=\"ms\">\n\t<div class=\"ct-inline-css\"  data-css=\"\n        \t\t\">\n\n    <\/div>\n\t<div class=\"ct-text-editor-inner elementor-clearfix\">\n\t\t<strong>Dursun Madencilik<\/strong> processes the rich <strong>natural stone<\/strong> reserves of the Kayseri and Nev\u015fehir regions to deliver world-class products. With over 15 years of experience, state-of-the-art facilities, and an expert team, we meticulously prepare <strong>basalt and andesite<\/strong> stones from raw material to the finished product.\n\n<strong>Our Production Power<\/strong>\n\nWith our 50,000 m\u00b2 open-area factory in Kayseri Ye\u015filhisar, a modern production facility in \u0130ncesu Organized Industrial Zone, and stone quarries in Ye\u015filhisar and \u00dcrg\u00fcp, we have a high production capacity. From quarry extraction to cutting, sizing, surface finishing, and logistics, we manage all processes in-house.\n\n<strong>Our Mission<\/strong>: &#8220;<em>Inspired by Nature, Valuing the Future<\/em>&#8221;\n\nOur mission is to provide our customers with the highest quality products in the natural stone industry through sustainable, eco-friendly, and innovative solutions. By preserving our local resources, we contribute to both the national economy and the global market.\n\n<strong>Our Vision<\/strong>: &#8220;<em>To Become Turkey\u2019s Global Brand in Natural Stone<\/em>&#8221;\n\nOur vision is to become a globally recognized leader in basalt and andesite production \u2014 inspiring architectural projects and setting the standards of quality in the natural stone industry.\t\t\n\t<\/div>\n<\/div>\t\t\t\t<\/div>\n\t\t\t\t<\/div>\n\t\t            <\/div>\n        <\/div>\n                    <\/div>\n        <\/section>\n        <div class=\"elementor-element elementor-element-7e77e10 e-flex e-con-boxed e-con e-parent\" data-id=\"7e77e10\" data-element_type=\"container\">\n\t\t\t\t\t<div class=\"e-con-inner\">\n\t\t\t\t<div class=\"elementor-element elementor-element-a3d8e2f elementor-widget elementor-widget-ct_heading\" data-id=\"a3d8e2f\" data-element_type=\"widget\" data-widget_type=\"ct_heading.default\">\n\t\t\t\t<div class=\"elementor-widget-container\">\n\t\t\t\t\t<div id=\"ct_heading-a3d8e2f\" class=\"ct-heading h-align-center item-st-default\">\r\n    <div class=\"heading-wrapper\">\r\n        <div class=\"inner-heading\">\r\n                          \t            \t\t<div class=\"item--sub-title image-bg\">\r\n                                                  <div class=\"img-bg\">\r\n                            <img loading=\"lazy\" decoding=\"async\" width=\"273\" height=\"39\" src=\"https:\/\/www.dursunmadencilik.com\/wp-content\/uploads\/2021\/12\/shape-1.png\" class=\"attachment-full\" alt=\"\" \/>                          <\/div>\r\n                                                <span>\r\n                            Dursun Madencilik                        <\/span>\r\n                    <\/div>\r\n            \t                <h2 class=\"item--title case-animate-time st-default \" data-wow-delay=\"ms\">\r\n                    <span>Our Promotional Film<\/span>                <\/h2>\r\n        <\/div>\r\n    <\/div>\r\n<\/div>\r\n\t\t\t\t<\/div>\n\t\t\t\t<\/div>\n\t\t\t\t\t<\/div>\n\t\t\t\t<\/div>\n\t\t        <section class=\"elementor-section elementor-top-section elementor-element elementor-element-c13c5ae elementor-section-stretched elementor-section-boxed elementor-section-height-default elementor-section-height-default ct-header-fixed-none ct-column-none ct-row-scroll-none ct-row-gradient--none ct-row-container--default\" data-id=\"c13c5ae\" data-element_type=\"section\" data-settings=\"{&quot;stretch_section&quot;:&quot;section-stretched&quot;}\">\n            \n                        <div class=\"elementor-container elementor-column-gap-extended \">\n                    <div class=\"elementor-column elementor-col-100 elementor-top-column elementor-element elementor-element-5b34117 ct-column-none col-offset-none\" data-id=\"5b34117\" data-element_type=\"column\">\n        <div class=\"elementor-widget-wrap elementor-element-populated\">\n                    \n        \t\t<div class=\"elementor-element elementor-element-751ca2b elementor-widget elementor-widget-video\" data-id=\"751ca2b\" data-element_type=\"widget\" data-settings=\"{&quot;youtube_url&quot;:&quot;https:\\\/\\\/www.youtube.com\\\/watch?v=ZUwIRzEz-44&quot;,&quot;video_type&quot;:&quot;youtube&quot;,&quot;controls&quot;:&quot;yes&quot;}\" data-widget_type=\"video.default\">\n\t\t\t\t\t\t\t<div class=\"elementor-wrapper elementor-open-inline\">\n\t\t\t<div class=\"elementor-video\"><\/div>\t\t<\/div>\n\t\t\t\t\t\t<\/div>\n\t\t            <\/div>\n        <\/div>\n                    <\/div>\n        <\/section>\n        <div class=\"elementor-element elementor-element-654d3fd e-flex e-con-boxed e-con e-parent\" data-id=\"654d3fd\" data-element_type=\"container\">\n\t\t\t\t\t<div class=\"e-con-inner\">\n\t\t\t\t<div class=\"elementor-element elementor-element-9ddd6fa elementor-widget elementor-widget-ct_heading\" data-id=\"9ddd6fa\" data-element_type=\"widget\" data-widget_type=\"ct_heading.default\">\n\t\t\t\t<div class=\"elementor-widget-container\">\n\t\t\t\t\t<div id=\"ct_heading-9ddd6fa\" class=\"ct-heading h-align-center item-st-default\">\r\n    <div class=\"heading-wrapper\">\r\n        <div class=\"inner-heading\">\r\n                          \t            \t\t<div class=\"item--sub-title image-bg\">\r\n                                                  <div class=\"img-bg\">\r\n                            <img loading=\"lazy\" decoding=\"async\" width=\"273\" height=\"39\" src=\"https:\/\/www.dursunmadencilik.com\/wp-content\/uploads\/2021\/12\/shape-1.png\" class=\"attachment-full\" alt=\"\" \/>                          <\/div>\r\n                                                <span>\r\n                            Structural Analysis Laboratory - Our Test Reports                        <\/span>\r\n                    <\/div>\r\n            \t                <h2 class=\"item--title case-animate-time st-default \" data-wow-delay=\"ms\">\r\n                    <span>Our Documents<\/span>                <\/h2>\r\n        <\/div>\r\n    <\/div>\r\n<\/div>\r\n\t\t\t\t<\/div>\n\t\t\t\t<\/div>\n\t\t\t\t\t<\/div>\n\t\t\t\t<\/div>\n\t\t        <section class=\"elementor-section elementor-top-section elementor-element elementor-element-2d942f2 elementor-section-stretched elementor-section-boxed elementor-section-height-default elementor-section-height-default ct-header-fixed-none ct-column-none ct-row-scroll-none ct-row-gradient--none ct-row-container--default\" data-id=\"2d942f2\" data-element_type=\"section\" data-settings=\"{&quot;stretch_section&quot;:&quot;section-stretched&quot;}\">\n            \n                        <div class=\"elementor-container elementor-column-gap-extended \">\n                    <div class=\"elementor-column elementor-col-50 elementor-top-column elementor-element elementor-element-142a0d8 ct-column-none col-offset-none\" data-id=\"142a0d8\" data-element_type=\"column\">\n        <div class=\"elementor-widget-wrap elementor-element-populated\">\n                    \n        \t\t<div class=\"elementor-element elementor-element-92d5a15 elementor-widget elementor-widget-ct_image\" data-id=\"92d5a15\" data-element_type=\"widget\" data-widget_type=\"ct_image.default\">\n\t\t\t\t<div class=\"elementor-widget-container\">\n\t\t\t\t\t<div class=\"ct-image-single   \" data-width=\"\" data-height=\"\" data-wow-delay=\"ms\">\r\n            <div class=\"ct-image-single--inner\">\r\n            <a href=\"https:\/\/www.dursunmadencilik.com\/wp-content\/uploads\/2025\/09\/Dursun-Madencilik-Bazalt-Analiz-Deney-Raporu.pdf\" target=\"_blank\">                <img loading=\"lazy\" decoding=\"async\" width=\"898\" height=\"451\" src=\"https:\/\/www.dursunmadencilik.com\/wp-content\/uploads\/2025\/09\/bazalt-rapor.png\" class=\"no-lazyload img-main attachment-full\" alt=\"bazalt-rapor\" \/>            <\/a>        <\/div>\r\n    <\/div>\t\t\t\t<\/div>\n\t\t\t\t<\/div>\n\t\t            <\/div>\n        <\/div>\n                <div class=\"elementor-column elementor-col-50 elementor-top-column elementor-element elementor-element-0ab8e31 ct-column-none col-offset-none\" data-id=\"0ab8e31\" data-element_type=\"column\">\n        <div class=\"elementor-widget-wrap elementor-element-populated\">\n                    \n        \t\t<div class=\"elementor-element elementor-element-071f1f3 elementor-widget elementor-widget-ct_image\" data-id=\"071f1f3\" data-element_type=\"widget\" data-widget_type=\"ct_image.default\">\n\t\t\t\t<div class=\"elementor-widget-container\">\n\t\t\t\t\t<div class=\"ct-image-single   \" data-width=\"\" data-height=\"\" data-wow-delay=\"ms\">\r\n            <div class=\"ct-image-single--inner\">\r\n            <a href=\"https:\/\/www.dursunmadencilik.com\/wp-content\/uploads\/2025\/09\/Dursun-Madencilik-Andezit-Analiz-Deney-Raporu.pdf\" target=\"_blank\">                <img loading=\"lazy\" decoding=\"async\" width=\"898\" height=\"451\" src=\"https:\/\/www.dursunmadencilik.com\/wp-content\/uploads\/2025\/09\/andezit-rapor.png\" class=\"no-lazyload img-main attachment-full\" alt=\"andezit-rapor\" \/>            <\/a>        <\/div>\r\n    <\/div>\t\t\t\t<\/div>\n\t\t\t\t<\/div>\n\t\t            <\/div>\n        <\/div>\n                    <\/div>\n        <\/section>\n                <section class=\"elementor-section elementor-top-section elementor-element elementor-element-cbe5b8a elementor-section-stretched elementor-section-boxed elementor-section-height-default elementor-section-height-default ct-header-fixed-none ct-column-none ct-row-scroll-none ct-row-gradient--none ct-row-container--default\" data-id=\"cbe5b8a\" data-element_type=\"section\" data-settings=\"{&quot;stretch_section&quot;:&quot;section-stretched&quot;,&quot;background_background&quot;:&quot;classic&quot;}\">\n            \n                        <div class=\"elementor-container elementor-column-gap-extended \">\n                    <div class=\"elementor-column elementor-col-100 elementor-top-column elementor-element elementor-element-fa8d40a ct-column-none col-offset-none\" data-id=\"fa8d40a\" data-element_type=\"column\">\n        <div class=\"elementor-widget-wrap elementor-element-populated\">\n                    \n        \t\t<div class=\"elementor-element elementor-element-5d27382 elementor-widget elementor-widget-ct_heading\" data-id=\"5d27382\" data-element_type=\"widget\" data-widget_type=\"ct_heading.default\">\n\t\t\t\t<div class=\"elementor-widget-container\">\n\t\t\t\t\t<div id=\"ct_heading-5d27382\" class=\"ct-heading h-align-center item-st-default\">\r\n    <div class=\"heading-wrapper\">\r\n        <div class=\"inner-heading\">\r\n                          \t            \t\t<div class=\"item--sub-title no-image-bg\">\r\n                                                <span>\r\n                            6 Quarries and 2 Production Facilities                        <\/span>\r\n                    <\/div>\r\n            \t                <h3 class=\"item--title case-animate-time st-default \" data-wow-delay=\"ms\">\r\n                    <span class=\"slide-in-container\"><span class=\"d-inline-block wow case-fade-in-up\">Our<\/span><\/span> <span class=\"slide-in-container\"><span class=\"d-inline-block wow case-fade-in-up\">Factories<\/span><\/span> <span class=\"slide-in-container\"><span class=\"d-inline-block wow case-fade-in-up\">and<\/span><\/span> <span class=\"slide-in-container\"><span class=\"d-inline-block wow case-fade-in-up\">Quarries<\/span><\/span>                <\/h3>\r\n        <\/div>\r\n    <\/div>\r\n<\/div>\r\n\t\t\t\t<\/div>\n\t\t\t\t<\/div>\n\t\t\t\t<div class=\"elementor-element elementor-element-65cd084 elementor-widget elementor-widget-ct_portfolio_grid\" data-id=\"65cd084\" data-element_type=\"widget\" data-widget_type=\"ct_portfolio_grid.default\">\n\t\t\t\t<div class=\"elementor-widget-container\">\n\t\t\t\t\t\r\n<div id=\"ct_portfolio_grid-65cd084\" class=\"ct-grid ct-portfolio ct-portfolio-grid1 item--default-space\" data-layout=\"masonry\" data-start-page=\"1\" data-max-pages=\"0\" data-total=\"0\" data-perpage=\"4\" data-next-link=\"https:\/\/www.dursunmadencilik.com\/en\/wp-json\/wp\/v2\/pages\/21054\/page\/2\/\">\r\n    \r\n    <div class=\"ct-grid-inner ct-grid-masonry row animate-time\" data-gutter=\"15\">\r\n                            <div class=\"grid-sizer col-xl-6 col-lg-6 col-md-6 col-sm-6 col-12\"><\/div>\r\n            <\/div>\r\n        <\/div>\t\t\t\t<\/div>\n\t\t\t\t<\/div>\n\t\t            <\/div>\n        <\/div>\n                    <\/div>\n        <\/section>\n        <div class=\"elementor-element elementor-element-5e3e320 e-flex e-con-boxed e-con e-parent\" data-id=\"5e3e320\" data-element_type=\"container\">\n\t\t\t\t\t<div class=\"e-con-inner\">\n\t\t\t\t<div class=\"elementor-element elementor-element-e8fdd1f elementor-widget elementor-widget-ct_heading\" data-id=\"e8fdd1f\" data-element_type=\"widget\" data-widget_type=\"ct_heading.default\">\n\t\t\t\t<div class=\"elementor-widget-container\">\n\t\t\t\t\t<div id=\"ct_heading-e8fdd1f\" class=\"ct-heading h-align-center item-st-default\">\r\n    <div class=\"heading-wrapper\">\r\n        <div class=\"inner-heading\">\r\n                          \t            \t\t<div class=\"item--sub-title image-bg\">\r\n                                                  <div class=\"img-bg\">\r\n                            <img loading=\"lazy\" decoding=\"async\" width=\"273\" height=\"39\" src=\"https:\/\/www.dursunmadencilik.com\/wp-content\/uploads\/2021\/12\/shape-1.png\" class=\"attachment-full\" alt=\"\" \/>                          <\/div>\r\n                                                <span>\r\n                            Ye\u015filhisar                        <\/span>\r\n                    <\/div>\r\n            \t                <h2 class=\"item--title case-animate-time st-default \" data-wow-delay=\"ms\">\r\n                    <span>Our Head Office<\/span>                <\/h2>\r\n        <\/div>\r\n    <\/div>\r\n<\/div>\r\n\t\t\t\t<\/div>\n\t\t\t\t<\/div>\n\t\t\t\t\t<\/div>\n\t\t\t\t<\/div>\n\t\t        <section class=\"elementor-section elementor-top-section elementor-element elementor-element-b7f0e30 elementor-section-stretched elementor-section-boxed elementor-section-height-default elementor-section-height-default ct-header-fixed-none ct-column-none ct-row-scroll-none ct-row-gradient--none ct-row-container--default\" data-id=\"b7f0e30\" data-element_type=\"section\" data-settings=\"{&quot;stretch_section&quot;:&quot;section-stretched&quot;}\">\n            \n                        <div class=\"elementor-container elementor-column-gap-extended \">\n                    <div class=\"elementor-column elementor-col-50 elementor-top-column elementor-element elementor-element-2226eb5 ct-column-none col-offset-none\" data-id=\"2226eb5\" data-element_type=\"column\">\n        <div class=\"elementor-widget-wrap elementor-element-populated\">\n                    \n        \t\t<div class=\"elementor-element elementor-element-6d60a1f elementor-widget elementor-widget-ct_image\" data-id=\"6d60a1f\" data-element_type=\"widget\" data-widget_type=\"ct_image.default\">\n\t\t\t\t<div class=\"elementor-widget-container\">\n\t\t\t\t\t<div class=\"ct-image-single   \" data-width=\"\" data-height=\"\" data-wow-delay=\"ms\">\r\n            <div class=\"ct-image-single--inner\">\r\n                            <img loading=\"lazy\" decoding=\"async\" width=\"1500\" height=\"844\" src=\"https:\/\/www.dursunmadencilik.com\/wp-content\/uploads\/2025\/09\/dursun-madencilik-ofis-2.jpg\" class=\"no-lazyload img-main attachment-full\" alt=\"dursun-madencilik-ofis\" \/>                    <\/div>\r\n    <\/div>\t\t\t\t<\/div>\n\t\t\t\t<\/div>\n\t\t            <\/div>\n        <\/div>\n                <div class=\"elementor-column elementor-col-50 elementor-top-column elementor-element elementor-element-0ba18fc ct-column-none col-offset-none\" data-id=\"0ba18fc\" data-element_type=\"column\">\n        <div class=\"elementor-widget-wrap elementor-element-populated\">\n                    \n        \t\t<div class=\"elementor-element elementor-element-8f0a794 elementor-widget elementor-widget-ct_image\" data-id=\"8f0a794\" data-element_type=\"widget\" data-widget_type=\"ct_image.default\">\n\t\t\t\t<div class=\"elementor-widget-container\">\n\t\t\t\t\t<div class=\"ct-image-single   \" data-width=\"\" data-height=\"\" data-wow-delay=\"ms\">\r\n            <div class=\"ct-image-single--inner\">\r\n                            <img loading=\"lazy\" decoding=\"async\" width=\"1500\" height=\"844\" src=\"https:\/\/www.dursunmadencilik.com\/wp-content\/uploads\/2025\/09\/dursun-madencilik-ofis.jpg\" class=\"no-lazyload img-main attachment-full\" alt=\"dursun-madencilik-ofis\" \/>                    <\/div>\r\n    <\/div>\t\t\t\t<\/div>\n\t\t\t\t<\/div>\n\t\t            <\/div>\n        <\/div>\n                    <\/div>\n        <\/section>\n        \t\t<\/div>\n\t\t","protected":false},"excerpt":{"rendered":"<p>Welcome to Dursun Madencilik! We Bring the Power of Nature to Your Projects. Dursun Madencilik processes the rich natural stone reserves of the Kayseri and Nev\u015fehir regions to deliver world-class products. With over 15 years of experience, state-of-the-art facilities, and an expert team, we meticulously prepare basalt and andesite stones from raw material to the [&hellip;]<\/p>\n","protected":false},"author":1,"featured_media":0,"parent":0,"menu_order":0,"comment_status":"closed","ping_status":"closed","template":"","meta":{"footnotes":""},"class_list":["post-21054","page","type-page","status-publish","hentry"],"aioseo_notices":[],"_links":{"self":[{"href":"https:\/\/www.dursunmadencilik.com\/en\/wp-json\/wp\/v2\/pages\/21054","targetHints":{"allow":["GET"]}}],"collection":[{"href":"https:\/\/www.dursunmadencilik.com\/en\/wp-json\/wp\/v2\/pages"}],"about":[{"href":"https:\/\/www.dursunmadencilik.com\/en\/wp-json\/wp\/v2\/types\/page"}],"author":[{"embeddable":true,"href":"https:\/\/www.dursunmadencilik.com\/en\/wp-json\/wp\/v2\/users\/1"}],"replies":[{"embeddable":true,"href":"https:\/\/www.dursunmadencilik.com\/en\/wp-json\/wp\/v2\/comments?post=21054"}],"version-history":[{"count":4,"href":"https:\/\/www.dursunmadencilik.com\/en\/wp-json\/wp\/v2\/pages\/21054\/revisions"}],"predecessor-version":[{"id":21098,"href":"https:\/\/www.dursunmadencilik.com\/en\/wp-json\/wp\/v2\/pages\/21054\/revisions\/21098"}],"wp:attachment":[{"href":"https:\/\/www.dursunmadencilik.com\/en\/wp-json\/wp\/v2\/media?parent=21054"}],"curies":[{"name":"wp","href":"https:\/\/api.w.org\/{rel}","templated":true}]}}