{"id":21273,"date":"2025-08-26T19:50:16","date_gmt":"2025-08-26T16:50:16","guid":{"rendered":"https:\/\/www.dursunmadencilik.com\/quarries\/"},"modified":"2026-02-01T16:05:50","modified_gmt":"2026-02-01T13:05:50","slug":"quarries","status":"publish","type":"page","link":"https:\/\/www.dursunmadencilik.com\/en\/quarries\/","title":{"rendered":"Quarries"},"content":{"rendered":"\t\t<div data-elementor-type=\"wp-page\" data-elementor-id=\"21273\" class=\"elementor elementor-21273 elementor-14864\" data-elementor-post-type=\"page\">\n\t\t\t\t        <section class=\"elementor-section elementor-top-section elementor-element elementor-element-07cd695 elementor-section-stretched elementor-section-boxed elementor-section-height-default elementor-section-height-default ct-header-fixed-none ct-column-none ct-row-scroll-none ct-row-gradient--none ct-row-container--default\" data-id=\"07cd695\" data-element_type=\"section\" data-settings=\"{&quot;stretch_section&quot;:&quot;section-stretched&quot;,&quot;background_background&quot;:&quot;classic&quot;}\">\n            \n                        <div class=\"elementor-container elementor-column-gap-default \">\n                    <div class=\"elementor-column elementor-col-50 elementor-top-column elementor-element elementor-element-b2b52e6 ct-column-none col-offset-none\" data-id=\"b2b52e6\" data-element_type=\"column\">\n        <div class=\"elementor-widget-wrap elementor-element-populated\">\n                    \n        \t\t<div class=\"elementor-element elementor-element-bb2ed01 elementor-widget elementor-widget-ct_banner\" data-id=\"bb2ed01\" data-element_type=\"widget\" data-widget_type=\"ct_banner.default\">\n\t\t\t\t<div class=\"elementor-widget-container\">\n\t\t\t\t\t\t<div class=\"ct-banner layout1 \" data-wow-delay=\"ms\">\r\n\t\t<div class=\"ct-banner-inner\">\r\n\t\t\t<div class=\"ct-banner-image\">\r\n\t\t\t\t<img fetchpriority=\"high\" decoding=\"async\" class=\"\" src=\"https:\/\/www.dursunmadencilik.com\/wp-content\/uploads\/2024\/08\/dursun-madencilik-yesilhisar-tas-yukleme-500x432.jpg\" width=\"500\" height=\"432\" alt=\"dursun-madencilik-yesilhisar-tas-yukleme\" title=\"dursun-madencilik-yesilhisar-tas-yukleme\" \/>\t\t\t<\/div>\r\n                            <div class=\"ct-image-small\">\r\n                    <div class=\"inner-image-small\">\r\n                        <img decoding=\"async\" class=\"\" src=\"https:\/\/www.dursunmadencilik.com\/wp-content\/uploads\/2021\/12\/urgup-tas-ocagi-270x220.png\" width=\"270\" height=\"220\" alt=\"\u00dcrg\u00fcp Ta\u015f Oca\u011f\u0131\" title=\"urgup-tas-ocagi\" \/>        \r\n                    <\/div>\r\n                <\/div>\r\n                                        <div class=\"ct-image-small2\">\r\n                    <div class=\"inner-image-small\">\r\n                        <img decoding=\"async\" class=\"\" src=\"https:\/\/www.dursunmadencilik.com\/wp-content\/uploads\/2021\/12\/yesilhisar-tas-ocagi-320x220.png\" width=\"320\" height=\"220\" alt=\"Ye\u015filhisar Ta\u015f Oca\u011f\u0131\" title=\"yesilhisar-tas-ocagi\" \/>        \r\n                    <\/div>\r\n                <\/div>\r\n            \t\t<\/div>\r\n\t<\/div>\r\n\t\t\t\t<\/div>\n\t\t\t\t<\/div>\n\t\t            <\/div>\n        <\/div>\n                <div class=\"elementor-column elementor-col-50 elementor-top-column elementor-element elementor-element-4b6e128 ct-column-none col-offset-none\" data-id=\"4b6e128\" data-element_type=\"column\">\n        <div class=\"elementor-widget-wrap elementor-element-populated\">\n                    \n        \t\t<div class=\"elementor-element elementor-element-2312b7a heading-custom elementor-widget elementor-widget-ct_heading\" data-id=\"2312b7a\" data-element_type=\"widget\" data-widget_type=\"ct_heading.default\">\n\t\t\t\t<div class=\"elementor-widget-container\">\n\t\t\t\t\t<div id=\"ct_heading-2312b7a\" class=\"ct-heading h-align-left item-st-default\">\r\n    <div class=\"heading-wrapper\">\r\n        <div class=\"inner-heading\">\r\n                          \t            \t\t<div class=\"item--sub-title no-image-bg\">\r\n                                                <span>\r\n                            We extract the highest quality <cite>natural stones<\/cite> from our own quarries.                        <\/span>\r\n                    <\/div>\r\n            \t                <h2 class=\"item--title case-animate-time st-default \" data-wow-delay=\"ms\">\r\n                    <span class=\"slide-in-container\"><span class=\"d-inline-block wow case-fade-in-up\">Our<\/span><\/span> <span class=\"slide-in-container\"><span class=\"d-inline-block wow case-fade-in-up\">Quarries<\/span><\/span> <span class=\"slide-in-container\"><span class=\"d-inline-block wow case-fade-in-up\">\u2013<\/span><\/span> <span class=\"slide-in-container\"><span class=\"d-inline-block wow case-fade-in-up\">Quality<\/span><\/span> <span class=\"slide-in-container\"><span class=\"d-inline-block wow case-fade-in-up\">Derived<\/span><\/span> <span class=\"slide-in-container\"><span class=\"d-inline-block wow case-fade-in-up\">from<\/span><\/span> <span class=\"slide-in-container\"><span class=\"d-inline-block wow case-fade-in-up\">the<\/span><\/span> <span class=\"slide-in-container\"><span class=\"d-inline-block wow case-fade-in-up\">Power<\/span><\/span> <span class=\"slide-in-container\"><span class=\"d-inline-block wow case-fade-in-up\">of<\/span><\/span> <span class=\"slide-in-container\"><span class=\"d-inline-block wow case-fade-in-up\">Nature<\/span><\/span>                <\/h2>\r\n        <\/div>\r\n    <\/div>\r\n<\/div>\r\n\t\t\t\t<\/div>\n\t\t\t\t<\/div>\n\t\t\t\t<div class=\"elementor-element elementor-element-aa33e78 elementor-widget elementor-widget-ct_text_editor\" data-id=\"aa33e78\" data-element_type=\"widget\" data-widget_type=\"ct_text_editor.default\">\n\t\t\t\t<div class=\"elementor-widget-container\">\n\t\t\t\t\t<div id=\"ct_text_editor-aa33e78\" class=\"ct-text-editor \" data-wow-delay=\"ms\">\n\t<div class=\"ct-inline-css\"  data-css=\"\n        \t\t\">\n\n    <\/div>\n\t<div class=\"ct-text-editor-inner elementor-clearfix\">\n\t\t<p>Dursun Madencilik owns high-quality <strong>basalt and andesite<\/strong> reserves through its <strong>stone quarries<\/strong> located in Kayseri and Nev\u015fehir. Natural stones extracted from our own quarries are processed in our modern factories and prepared for your projects.<\/p>\t\t\n\t<\/div>\n<\/div>\t\t\t\t<\/div>\n\t\t\t\t<\/div>\n\t\t            <\/div>\n        <\/div>\n                    <\/div>\n        <\/section>\n                <section class=\"elementor-section elementor-top-section elementor-element elementor-element-a6b3a6f elementor-section-stretched elementor-section-boxed elementor-section-height-default elementor-section-height-default ct-header-fixed-none ct-column-none ct-row-scroll-none ct-row-gradient--none ct-row-container--default\" data-id=\"a6b3a6f\" data-element_type=\"section\" data-settings=\"{&quot;stretch_section&quot;:&quot;section-stretched&quot;,&quot;background_background&quot;:&quot;classic&quot;}\">\n            \n                        <div class=\"elementor-container elementor-column-gap-extended \">\n                    <div class=\"elementor-column elementor-col-100 elementor-top-column elementor-element elementor-element-b2e736c ct-column-none col-offset-none\" data-id=\"b2e736c\" data-element_type=\"column\">\n        <div class=\"elementor-widget-wrap elementor-element-populated\">\n                    \n        \t\t<div class=\"elementor-element elementor-element-10e1e60 elementor-widget elementor-widget-ct_portfolio_grid\" data-id=\"10e1e60\" data-element_type=\"widget\" data-widget_type=\"ct_portfolio_grid.default\">\n\t\t\t\t<div class=\"elementor-widget-container\">\n\t\t\t\t\t\r\n<div id=\"ct_portfolio_grid-10e1e60\" class=\"ct-grid ct-portfolio ct-portfolio-grid1 item--default-space\" data-layout=\"masonry\" data-start-page=\"1\" data-max-pages=\"0\" data-total=\"0\" data-perpage=\"2\" data-next-link=\"https:\/\/www.dursunmadencilik.com\/en\/wp-json\/wp\/v2\/pages\/21273\/page\/2\/\">\r\n    \r\n    <div class=\"ct-grid-inner ct-grid-masonry row animate-time\" data-gutter=\"15\">\r\n                            <div class=\"grid-sizer col-xl-6 col-lg-6 col-md-6 col-sm-6 col-12\"><\/div>\r\n            <\/div>\r\n        <\/div>\t\t\t\t<\/div>\n\t\t\t\t<\/div>\n\t\t            <\/div>\n        <\/div>\n                    <\/div>\n        <\/section>\n                <section class=\"elementor-section elementor-top-section elementor-element elementor-element-52a103d elementor-section-stretched elementor-section-boxed elementor-section-height-default elementor-section-height-default ct-header-fixed-none ct-column-none ct-row-scroll-none ct-row-gradient--none ct-row-container--default\" data-id=\"52a103d\" data-element_type=\"section\" data-settings=\"{&quot;stretch_section&quot;:&quot;section-stretched&quot;,&quot;background_background&quot;:&quot;classic&quot;}\">\n            \n                        <div class=\"elementor-container elementor-column-gap-extended \">\n                    <div class=\"elementor-column elementor-col-100 elementor-top-column elementor-element elementor-element-a8c7b64 ct-column-none col-offset-none\" data-id=\"a8c7b64\" data-element_type=\"column\" data-settings=\"{&quot;background_background&quot;:&quot;classic&quot;}\">\n        <div class=\"elementor-widget-wrap elementor-element-populated\">\n                    \n        \t\t<div class=\"elementor-element elementor-element-e82bae2 elementor-widget elementor-widget-ct_heading\" data-id=\"e82bae2\" data-element_type=\"widget\" data-widget_type=\"ct_heading.default\">\n\t\t\t\t<div class=\"elementor-widget-container\">\n\t\t\t\t\t<div id=\"ct_heading-e82bae2\" class=\"ct-heading h-align-center item-st-default\">\r\n    <div class=\"heading-wrapper\">\r\n        <div class=\"inner-heading\">\r\n                          \t                <h6 class=\"item--title case-animate-time st-default \" data-wow-delay=\"ms\">\r\n                    <span>Would you like to bring the quality of Dursun Mining to your project?<\/span>                <\/h6>\r\n        <\/div>\r\n    <\/div>\r\n<\/div>\r\n\t\t\t\t<\/div>\n\t\t\t\t<\/div>\n\t\t\t\t<div class=\"elementor-element elementor-element-cec2c31 elementor-widget elementor-widget-ct_text_editor\" data-id=\"cec2c31\" data-element_type=\"widget\" data-widget_type=\"ct_text_editor.default\">\n\t\t\t\t<div class=\"elementor-widget-container\">\n\t\t\t\t\t<div id=\"ct_text_editor-cec2c31\" class=\"ct-text-editor \" data-wow-delay=\"ms\">\n\t<div class=\"ct-inline-css\"  data-css=\"\n        \t\t\">\n\n    <\/div>\n\t<div class=\"ct-text-editor-inner elementor-clearfix\">\n\t\tContact us <strong>today<\/strong>, and let\u2019s determine the most suitable <strong>natural stone solutions<\/strong> for your needs together.\n\t\t\n\t<\/div>\n<\/div>\t\t\t\t<\/div>\n\t\t\t\t<\/div>\n\t\t\t\t<div class=\"elementor-element elementor-element-1e88247 elementor-align-center btn-home2 elementor-widget elementor-widget-ct_button\" data-id=\"1e88247\" data-element_type=\"widget\" data-widget_type=\"ct_button.default\">\n\t\t\t\t<div class=\"elementor-widget-container\">\n\t\t\t\t\t<div id=\"ct_button-1e88247\" class=\"ct-button-wrapper ct-button-layout1\">\r\n    <div class=\"ct-inline-css\"  data-css=\"\r\n        \">\r\n    <\/div>\r\n            <span class=\"ct-icon-active\"><\/span>\r\n        <a href=\"https:\/\/api.whatsapp.com\/send\/?phone=905333824974&amp;text=Hello%2C+I%27m+contacting+you+via+your+website+dursunmadencilik.com.&amp;type=phone_number&amp;app_absent=0\" target=\"_blank\" rel=\"nofollow\" class=\"btn btn-primary  icon-ps-right \" data-wow-delay=\"ms\">\r\n                            <span class=\"ct-button-icon ct-align-icon-right\">\r\n                <i aria-hidden=\"true\" class=\"flaticon flaticon-right-arrow\"><\/i>            <\/span>\r\n                <span class=\"ct-button-text\">Get a Quote Now<\/span>\r\n    <\/a>\r\n<\/div>\t\t\t\t<\/div>\n\t\t\t\t<\/div>\n\t\t            <\/div>\n        <\/div>\n                    <\/div>\n        <\/section>\n        \t\t<\/div>\n\t\t","protected":false},"excerpt":{"rendered":"<p>We extract the highest quality natural stones from our own quarries. Our Quarries \u2013 Quality Derived from the Power of Nature Dursun Madencilik owns high-quality basalt and andesite reserves through its stone quarries located in Kayseri and Nev\u015fehir. Natural stones extracted from our own quarries are processed in our modern factories and prepared for your [&hellip;]<\/p>\n","protected":false},"author":1,"featured_media":0,"parent":0,"menu_order":0,"comment_status":"closed","ping_status":"closed","template":"","meta":{"footnotes":""},"class_list":["post-21273","page","type-page","status-publish","hentry"],"aioseo_notices":[],"_links":{"self":[{"href":"https:\/\/www.dursunmadencilik.com\/en\/wp-json\/wp\/v2\/pages\/21273","targetHints":{"allow":["GET"]}}],"collection":[{"href":"https:\/\/www.dursunmadencilik.com\/en\/wp-json\/wp\/v2\/pages"}],"about":[{"href":"https:\/\/www.dursunmadencilik.com\/en\/wp-json\/wp\/v2\/types\/page"}],"author":[{"embeddable":true,"href":"https:\/\/www.dursunmadencilik.com\/en\/wp-json\/wp\/v2\/users\/1"}],"replies":[{"embeddable":true,"href":"https:\/\/www.dursunmadencilik.com\/en\/wp-json\/wp\/v2\/comments?post=21273"}],"version-history":[{"count":7,"href":"https:\/\/www.dursunmadencilik.com\/en\/wp-json\/wp\/v2\/pages\/21273\/revisions"}],"predecessor-version":[{"id":21284,"href":"https:\/\/www.dursunmadencilik.com\/en\/wp-json\/wp\/v2\/pages\/21273\/revisions\/21284"}],"wp:attachment":[{"href":"https:\/\/www.dursunmadencilik.com\/en\/wp-json\/wp\/v2\/media?parent=21273"}],"curies":[{"name":"wp","href":"https:\/\/api.w.org\/{rel}","templated":true}]}}