{"id":21286,"date":"2025-08-26T19:33:14","date_gmt":"2025-08-26T16:33:14","guid":{"rendered":"https:\/\/www.dursunmadencilik.com\/factories\/"},"modified":"2026-02-01T16:11:30","modified_gmt":"2026-02-01T13:11:30","slug":"factories","status":"publish","type":"page","link":"https:\/\/www.dursunmadencilik.com\/en\/factories\/","title":{"rendered":"Factories"},"content":{"rendered":"\t\t<div data-elementor-type=\"wp-page\" data-elementor-id=\"21286\" class=\"elementor elementor-21286 elementor-14856\" data-elementor-post-type=\"page\">\n\t\t\t\t        <section class=\"elementor-section elementor-top-section elementor-element elementor-element-fe990ac elementor-section-stretched elementor-section-boxed elementor-section-height-default elementor-section-height-default ct-header-fixed-none ct-column-none ct-row-scroll-none ct-row-gradient--none ct-row-container--default\" data-id=\"fe990ac\" data-element_type=\"section\" data-settings=\"{&quot;stretch_section&quot;:&quot;section-stretched&quot;,&quot;background_background&quot;:&quot;classic&quot;}\">\n            \n                        <div class=\"elementor-container elementor-column-gap-default \">\n                    <div class=\"elementor-column elementor-col-50 elementor-top-column elementor-element elementor-element-a5f0f5c ct-column-none col-offset-none\" data-id=\"a5f0f5c\" data-element_type=\"column\">\n        <div class=\"elementor-widget-wrap elementor-element-populated\">\n                    \n        \t\t<div class=\"elementor-element elementor-element-10c7169 elementor-widget elementor-widget-ct_banner\" data-id=\"10c7169\" data-element_type=\"widget\" data-widget_type=\"ct_banner.default\">\n\t\t\t\t<div class=\"elementor-widget-container\">\n\t\t\t\t\t\t<div class=\"ct-banner layout1 \" data-wow-delay=\"ms\">\r\n\t\t<div class=\"ct-banner-inner\">\r\n\t\t\t<div class=\"ct-banner-image\">\r\n\t\t\t\t<img fetchpriority=\"high\" decoding=\"async\" class=\"\" src=\"https:\/\/www.dursunmadencilik.com\/wp-content\/uploads\/2025\/08\/fabrikalarimiz.jpg\" width=\"500\" height=\"432\" alt=\"fabrikalarimiz\" title=\"fabrikalarimiz\" \/>\t\t\t<\/div>\r\n                            <div class=\"ct-image-small\">\r\n                    <div class=\"inner-image-small\">\r\n                        <img decoding=\"async\" class=\"\" src=\"https:\/\/www.dursunmadencilik.com\/wp-content\/uploads\/2022\/02\/incesu-fabrika-270x220.jpg\" width=\"270\" height=\"220\" alt=\"incesu fabrika\" title=\"incesu fabrika\" \/>        \r\n                    <\/div>\r\n                <\/div>\r\n                                        <div class=\"ct-image-small2\">\r\n                    <div class=\"inner-image-small\">\r\n                        <img decoding=\"async\" class=\"\" src=\"https:\/\/www.dursunmadencilik.com\/wp-content\/uploads\/2025\/08\/fabrikalarimiz-2-320x220.jpg\" width=\"320\" height=\"220\" alt=\"fabrikalarimiz-2\" title=\"fabrikalarimiz-2\" \/>        \r\n                    <\/div>\r\n                <\/div>\r\n            \t\t<\/div>\r\n\t<\/div>\r\n\t\t\t\t<\/div>\n\t\t\t\t<\/div>\n\t\t            <\/div>\n        <\/div>\n                <div class=\"elementor-column elementor-col-50 elementor-top-column elementor-element elementor-element-096bf37 ct-column-none col-offset-none\" data-id=\"096bf37\" data-element_type=\"column\">\n        <div class=\"elementor-widget-wrap elementor-element-populated\">\n                    \n        \t\t<div class=\"elementor-element elementor-element-93c1971 heading-custom elementor-widget elementor-widget-ct_heading\" data-id=\"93c1971\" data-element_type=\"widget\" data-widget_type=\"ct_heading.default\">\n\t\t\t\t<div class=\"elementor-widget-container\">\n\t\t\t\t\t<div id=\"ct_heading-93c1971\" class=\"ct-heading h-align-left item-st-default\">\r\n    <div class=\"heading-wrapper\">\r\n        <div class=\"inner-heading\">\r\n                          \t            \t\t<div class=\"item--sub-title no-image-bg\">\r\n                                                <span>\r\n                            In our modern facilities, we process <cite>natural stones<\/cite> in accordance with international standards.                        <\/span>\r\n                    <\/div>\r\n            \t                <h2 class=\"item--title case-animate-time st-default \" data-wow-delay=\"ms\">\r\n                    <span class=\"slide-in-container\"><span class=\"d-inline-block wow case-fade-in-up\">Our<\/span><\/span> <span class=\"slide-in-container\"><span class=\"d-inline-block wow case-fade-in-up\">Factories<\/span><\/span> <span class=\"slide-in-container\"><span class=\"d-inline-block wow case-fade-in-up\">\u2013<\/span><\/span> <span class=\"slide-in-container\"><span class=\"d-inline-block wow case-fade-in-up\">The<\/span><\/span> <span class=\"slide-in-container\"><span class=\"d-inline-block wow case-fade-in-up\">Heart<\/span><\/span> <span class=\"slide-in-container\"><span class=\"d-inline-block wow case-fade-in-up\">of<\/span><\/span> <span class=\"slide-in-container\"><span class=\"d-inline-block wow case-fade-in-up\">Production<\/span><\/span>                <\/h2>\r\n        <\/div>\r\n    <\/div>\r\n<\/div>\r\n\t\t\t\t<\/div>\n\t\t\t\t<\/div>\n\t\t\t\t<div class=\"elementor-element elementor-element-9f21e80 elementor-widget elementor-widget-ct_text_editor\" data-id=\"9f21e80\" data-element_type=\"widget\" data-widget_type=\"ct_text_editor.default\">\n\t\t\t\t<div class=\"elementor-widget-container\">\n\t\t\t\t\t<div id=\"ct_text_editor-9f21e80\" class=\"ct-text-editor \" data-wow-delay=\"ms\">\n\t<div class=\"ct-inline-css\"  data-css=\"\n        \t\t\">\n\n    <\/div>\n\t<div class=\"ct-text-editor-inner elementor-clearfix\">\n\t\t<p><strong>Dursun Mining<\/strong> has a natural stone production capacity of hundreds of thousands of m\u00b2 per year with its modern factories located in Kayseri Ye\u015filhisar and Nev\u015fehir \u0130ncesu. In our factories, <strong>basalt, andesite and other natural stone types<\/strong> are made suitable for projects with different surface treatments.<\/p>\t\t\n\t<\/div>\n<\/div>\t\t\t\t<\/div>\n\t\t\t\t<\/div>\n\t\t            <\/div>\n        <\/div>\n                    <\/div>\n        <\/section>\n                <section class=\"elementor-section elementor-top-section elementor-element elementor-element-0df6764 elementor-section-stretched elementor-section-boxed elementor-section-height-default elementor-section-height-default ct-header-fixed-none ct-column-none ct-row-scroll-none ct-row-gradient--none ct-row-container--default\" data-id=\"0df6764\" data-element_type=\"section\" data-settings=\"{&quot;stretch_section&quot;:&quot;section-stretched&quot;,&quot;background_background&quot;:&quot;classic&quot;}\">\n            \n                        <div class=\"elementor-container elementor-column-gap-extended \">\n                    <div class=\"elementor-column elementor-col-100 elementor-top-column elementor-element elementor-element-7cdef98 ct-column-none col-offset-none\" data-id=\"7cdef98\" data-element_type=\"column\">\n        <div class=\"elementor-widget-wrap elementor-element-populated\">\n                    \n        \t\t<div class=\"elementor-element elementor-element-b4ca84e elementor-widget elementor-widget-ct_portfolio_grid\" data-id=\"b4ca84e\" data-element_type=\"widget\" data-widget_type=\"ct_portfolio_grid.default\">\n\t\t\t\t<div class=\"elementor-widget-container\">\n\t\t\t\t\t\r\n<div id=\"ct_portfolio_grid-b4ca84e\" class=\"ct-grid ct-portfolio ct-portfolio-grid1 item--default-space\" data-layout=\"masonry\" data-start-page=\"1\" data-max-pages=\"0\" data-total=\"0\" data-perpage=\"2\" data-next-link=\"https:\/\/www.dursunmadencilik.com\/en\/wp-json\/wp\/v2\/pages\/21286\/page\/2\/\">\r\n    \r\n    <div class=\"ct-grid-inner ct-grid-masonry row animate-time\" data-gutter=\"15\">\r\n                            <div class=\"grid-sizer col-xl-6 col-lg-6 col-md-6 col-sm-6 col-12\"><\/div>\r\n            <\/div>\r\n        <\/div>\t\t\t\t<\/div>\n\t\t\t\t<\/div>\n\t\t            <\/div>\n        <\/div>\n                    <\/div>\n        <\/section>\n                <section class=\"elementor-section elementor-top-section elementor-element elementor-element-13f2113 elementor-section-stretched elementor-section-boxed elementor-section-height-default elementor-section-height-default ct-header-fixed-none ct-column-none ct-row-scroll-none ct-row-gradient--none ct-row-container--default\" data-id=\"13f2113\" data-element_type=\"section\" data-settings=\"{&quot;stretch_section&quot;:&quot;section-stretched&quot;,&quot;background_background&quot;:&quot;classic&quot;}\">\n            \n                        <div class=\"elementor-container elementor-column-gap-extended \">\n                    <div class=\"elementor-column elementor-col-100 elementor-top-column elementor-element elementor-element-2cb5896 ct-column-none col-offset-none\" data-id=\"2cb5896\" data-element_type=\"column\" data-settings=\"{&quot;background_background&quot;:&quot;classic&quot;}\">\n        <div class=\"elementor-widget-wrap elementor-element-populated\">\n                    \n        \t\t<div class=\"elementor-element elementor-element-6edef2a elementor-widget elementor-widget-ct_heading\" data-id=\"6edef2a\" data-element_type=\"widget\" data-widget_type=\"ct_heading.default\">\n\t\t\t\t<div class=\"elementor-widget-container\">\n\t\t\t\t\t<div id=\"ct_heading-6edef2a\" class=\"ct-heading h-align-center item-st-default\">\r\n    <div class=\"heading-wrapper\">\r\n        <div class=\"inner-heading\">\r\n                          \t                <h6 class=\"item--title case-animate-time st-default \" data-wow-delay=\"ms\">\r\n                    <span>Would you like to bring the quality of Dursun Mining to your project?<\/span>                <\/h6>\r\n        <\/div>\r\n    <\/div>\r\n<\/div>\r\n\t\t\t\t<\/div>\n\t\t\t\t<\/div>\n\t\t\t\t<div class=\"elementor-element elementor-element-c7dab30 elementor-widget elementor-widget-ct_text_editor\" data-id=\"c7dab30\" data-element_type=\"widget\" data-widget_type=\"ct_text_editor.default\">\n\t\t\t\t<div class=\"elementor-widget-container\">\n\t\t\t\t\t<div id=\"ct_text_editor-c7dab30\" class=\"ct-text-editor \" data-wow-delay=\"ms\">\n\t<div class=\"ct-inline-css\"  data-css=\"\n        \t\t\">\n\n    <\/div>\n\t<div class=\"ct-text-editor-inner elementor-clearfix\">\n\t\tContact us <strong>today<\/strong>, and let\u2019s determine the most suitable <strong>natural stone solutions<\/strong> for your needs together.\n\t\t\n\t<\/div>\n<\/div>\t\t\t\t<\/div>\n\t\t\t\t<\/div>\n\t\t\t\t<div class=\"elementor-element elementor-element-3988192 elementor-align-center btn-home2 elementor-widget elementor-widget-ct_button\" data-id=\"3988192\" data-element_type=\"widget\" data-widget_type=\"ct_button.default\">\n\t\t\t\t<div class=\"elementor-widget-container\">\n\t\t\t\t\t<div id=\"ct_button-3988192\" class=\"ct-button-wrapper ct-button-layout1\">\r\n    <div class=\"ct-inline-css\"  data-css=\"\r\n        \">\r\n    <\/div>\r\n            <span class=\"ct-icon-active\"><\/span>\r\n        <a href=\"https:\/\/api.whatsapp.com\/send\/?phone=905333824974&amp;text=Hello%2C+I%27m+contacting+you+via+your+website+dursunmadencilik.com.&amp;type=phone_number&amp;app_absent=0\" target=\"_blank\" rel=\"nofollow\" class=\"btn btn-primary  icon-ps-right \" data-wow-delay=\"ms\">\r\n                            <span class=\"ct-button-icon ct-align-icon-right\">\r\n                <i aria-hidden=\"true\" class=\"flaticon flaticon-right-arrow\"><\/i>            <\/span>\r\n                <span class=\"ct-button-text\">Get a Quote Now<\/span>\r\n    <\/a>\r\n<\/div>\t\t\t\t<\/div>\n\t\t\t\t<\/div>\n\t\t            <\/div>\n        <\/div>\n                    <\/div>\n        <\/section>\n        \t\t<\/div>\n\t\t","protected":false},"excerpt":{"rendered":"<p>In our modern facilities, we process natural stones in accordance with international standards. Our Factories \u2013 The Heart of Production Dursun Mining has a natural stone production capacity of hundreds of thousands of m\u00b2 per year with its modern factories located in Kayseri Ye\u015filhisar and Nev\u015fehir \u0130ncesu. In our factories, basalt, andesite and other natural [&hellip;]<\/p>\n","protected":false},"author":1,"featured_media":0,"parent":0,"menu_order":0,"comment_status":"closed","ping_status":"closed","template":"","meta":{"footnotes":""},"class_list":["post-21286","page","type-page","status-publish","hentry"],"aioseo_notices":[],"_links":{"self":[{"href":"https:\/\/www.dursunmadencilik.com\/en\/wp-json\/wp\/v2\/pages\/21286","targetHints":{"allow":["GET"]}}],"collection":[{"href":"https:\/\/www.dursunmadencilik.com\/en\/wp-json\/wp\/v2\/pages"}],"about":[{"href":"https:\/\/www.dursunmadencilik.com\/en\/wp-json\/wp\/v2\/types\/page"}],"author":[{"embeddable":true,"href":"https:\/\/www.dursunmadencilik.com\/en\/wp-json\/wp\/v2\/users\/1"}],"replies":[{"embeddable":true,"href":"https:\/\/www.dursunmadencilik.com\/en\/wp-json\/wp\/v2\/comments?post=21286"}],"version-history":[{"count":5,"href":"https:\/\/www.dursunmadencilik.com\/en\/wp-json\/wp\/v2\/pages\/21286\/revisions"}],"predecessor-version":[{"id":21294,"href":"https:\/\/www.dursunmadencilik.com\/en\/wp-json\/wp\/v2\/pages\/21286\/revisions\/21294"}],"wp:attachment":[{"href":"https:\/\/www.dursunmadencilik.com\/en\/wp-json\/wp\/v2\/media?parent=21286"}],"curies":[{"name":"wp","href":"https:\/\/api.w.org\/{rel}","templated":true}]}}